{"id":20695,"date":"2016-12-26T06:32:12","date_gmt":"2016-12-26T06:32:12","guid":{"rendered":"http:\/\/www.armol.cat\/avis-legal\/"},"modified":"2017-02-22T11:26:27","modified_gmt":"2017-02-22T11:26:27","slug":"aviso-legal","status":"publish","type":"page","link":"http:\/\/www.armol.cat\/es\/aviso-legal\/","title":{"rendered":"Aviso Legal"},"content":{"rendered":"<p>&nbsp;<\/p>\n<p>Los datos identificativos (*) del responsable de la web <strong> www.armol.cat, son las que figuran a continuaci\u00f3n:<br \/>\n<strong> ARMOL<br \/>\nXXX XXX XXX<br \/>\nDNI.<br \/>\n<a href=\"mailto:info@armol.cat\"> info@armol.cat <\/a><\/strong><\/strong><\/p>\n<p>&nbsp;<\/p>\n<p>(*) En cumplimiento del deber de informaci\u00f3n establecido en el art\u00edculo 10 de la ley 34\/2002, de 11 de julio, de Servicios de la Sociedad de la Informaci\u00f3n y Comercio Electr\u00f3nico.<\/p>\n<p>&nbsp;<\/p>\n<h4><strong> Pol\u00edtica de privacidad<\/strong><\/h4>\n<p>En cumplimiento de lo que establece la Ley Org\u00e1nica 15\/1999, de 13 de diciembre, sobre protecci\u00f3n de datos de car\u00e1cter personal, le informamos de que sus datos personales recogidos mediante esta web ser\u00e1n tratados de forma confidencial y se destinar\u00e1n exclusivamente a las finalidades expresadas en cada caso.<\/p>\n<p><strong> ARMOL<\/strong> podr\u00e1 realizar, en cualquier momento y sin necesidad de previo aviso, modificaciones y actualizaciones sobre la informaci\u00f3n contenida en su sitio web, o en su configuraci\u00f3n o presentaci\u00f3n. <strong> ARMOL <\/strong>realiza todos los esfuerzos posibles para que la informaci\u00f3n suministrada a trav\u00e9s de su p\u00e1gina web sea clara, comprensible y adecuada, as\u00ed como para evitar errores en la medida de lo posible y, en su caso, repararlos o actualizar. Sin embargo, no podemos garantizar la inexistencia de errores ni que el contenido de la informaci\u00f3n se encuentre permanentemente actualizado.<\/p>\n<p>En cuanto a los derechos de autor, los textos, im\u00e1genes, sonidos, animaciones, software y el resto de contenidos incluidos en esta web son propiedad de ARMOL. Cualquier acto de transmisi\u00f3n, distribuci\u00f3n, cesi\u00f3n, reproducci\u00f3n, comercializaci\u00f3n, almacenamiento, comunicaci\u00f3n p\u00fablica o transformaci\u00f3n, total o parcial, necesita el consentimiento expreso y escrito de <strong> ARMOL .<\/strong><\/p>\n<p>Respecto a los derechos de propiedad intelectual, los contenidos y elementos gr\u00e1ficos que forman parte del sitio web <strong> www.armol.cat <\/strong>son de titularidad exclusiva de <strong> ARMOL<\/strong> y de sus autores y tienen la consideraci\u00f3n de obras protegidas, de acuerdo con el Real Decreto Legislativo 1\/1996, de 12 de abril, por el que se aprueba el texto refundido de la Ley de propiedad intelectual. Siendo asimismo de aplicaci\u00f3n los tratados internacionales suscritos en la materia.<\/p>\n<p>Esta p\u00e1gina web utiliza tecnolog\u00eda \u00abcookies\u00bb para utilizar el servicio Google Analytics, prestado por Google, Inc., una compa\u00f1\u00eda de Delaware cuya oficina principal est\u00e1 en 1600 Amphitheatre Parkway, Mountain View (California), CA 94043, Estados Unidos ( \u00abGoogle\u00bb). Google Analytics utiliza \u00abcookies\u00bb, que son archivos de texto ubicados en su ordenador para ayudar al website a analizar el uso que hacen los usuarios del sitio web. La informaci\u00f3n que genera la cookie acerca de su uso del website (incluyendo su direcci\u00f3n IP) ser\u00e1 directamente transmitida y archivada por Google en los servidores de Estados Unidos.<\/p>\n<p>Google usar\u00e1 esta informaci\u00f3n por cuenta nuestra con el prop\u00f3sito de seguir la pista de su uso del website, recopilando informes de la actividad del website y prestando otros servicios relacionados con la actividad del website y el uso de internet. Google podr\u00e1 transmitir dicha informaci\u00f3n a terceros cuando as\u00ed se requiera la legislaci\u00f3n, o cuando dichos terceros procesen la informaci\u00f3n por cuenta de Google. Google no asociar\u00e1 su direcci\u00f3n IP con ning\u00fan otro dato del que disponga Google. Usted puede rechazar el tratamiento de los datos o la informaci\u00f3n rechazando el uso de cookies mediante la selecci\u00f3n de la configuraci\u00f3n apropiada de su navegador; sin embargo, debe saber que, si lo hace, puede ser que no pueda usar la plena funcionabilidad de este web. Al utilizar este website Usted consiente el tratamiento de informaci\u00f3n acerca de Usted por Google en la forma y para los fines arriba indicados.<br \/>\nLos derechos de acceso, rectificaci\u00f3n, cancelaci\u00f3n y oposici\u00f3n reconocidos en la Ley Org\u00e1nica 15\/1999, de 13 de diciembre, de Protecci\u00f3n de Datos Personales y en su normativa de desarrollo, deber\u00e1n ejercitarse dirigiendo un escrito y su DNI a <strong> ARMOL <\/strong>mediante correo postal indicando \u00abProtecci\u00f3n de Datos\u00bb (Direcci\u00f3n fiscal) o bien por correo electr\u00f3nico a <a href=\"mailto:info@armol.cat\"> info@armol.cat <\/a>.<\/p>\n<p>&nbsp;<\/p>\n","protected":false},"excerpt":{"rendered":"<p>&nbsp; Los datos identificativos (*) del responsable de la web www.armol.cat, son las que figuran a continuaci\u00f3n: ARMOL XXX XXX XXX DNI. info@armol.cat &nbsp; (*) En cumplimiento del deber de informaci\u00f3n establecido en el art\u00edculo 10 de la ley 34\/2002, de 11 de julio, de&#8230;<\/p>\n","protected":false},"author":3,"featured_media":0,"parent":0,"menu_order":0,"comment_status":"closed","ping_status":"closed","template":"","meta":{"footnotes":""},"class_list":["post-20695","page","type-page","status-publish","hentry"],"_links":{"self":[{"href":"http:\/\/www.armol.cat\/es\/wp-json\/wp\/v2\/pages\/20695","targetHints":{"allow":["GET"]}}],"collection":[{"href":"http:\/\/www.armol.cat\/es\/wp-json\/wp\/v2\/pages"}],"about":[{"href":"http:\/\/www.armol.cat\/es\/wp-json\/wp\/v2\/types\/page"}],"author":[{"embeddable":true,"href":"http:\/\/www.armol.cat\/es\/wp-json\/wp\/v2\/users\/3"}],"replies":[{"embeddable":true,"href":"http:\/\/www.armol.cat\/es\/wp-json\/wp\/v2\/comments?post=20695"}],"version-history":[{"count":4,"href":"http:\/\/www.armol.cat\/es\/wp-json\/wp\/v2\/pages\/20695\/revisions"}],"predecessor-version":[{"id":20699,"href":"http:\/\/www.armol.cat\/es\/wp-json\/wp\/v2\/pages\/20695\/revisions\/20699"}],"wp:attachment":[{"href":"http:\/\/www.armol.cat\/es\/wp-json\/wp\/v2\/media?parent=20695"}],"curies":[{"name":"wp","href":"https:\/\/api.w.org\/{rel}","templated":true}]}}