{"id":20599,"date":"2017-02-06T19:53:01","date_gmt":"2017-02-06T19:53:01","guid":{"rendered":"http:\/\/www.armol.cat\/materials-utilitzats\/"},"modified":"2017-03-08T19:37:39","modified_gmt":"2017-03-08T19:37:39","slug":"materiales-utilizados","status":"publish","type":"page","link":"https:\/\/www.armol.cat\/es\/materiales-utilizados\/","title":{"rendered":"Materiales utilizados"},"content":{"rendered":"<p>[vc_row row_type=\u00bbrow\u00bb type=\u00bbgrid\u00bb text_align=\u00bbleft\u00bb background_color=\u00bb#ffffff\u00bb padding_top=\u00bb103&#8243; padding_bottom=\u00bb83&#8243; css_animation=\u00bb\u00bb][vc_column width=\u00bb1\/2&#8243;][vc_separator type=\u00bbtransparent\u00bb up=\u00bb9&#8243; down=\u00bb0&#8243;][vc_column_text]<\/p>\n<h5>LA MADERA<\/h5>\n<p>[\/vc_column_text][vc_separator type=\u00bbtransparent\u00bb up=\u00bb40&#8243; down=\u00bb0&#8243;][vc_column_text]\u25aa AR-MOL es una empresa implicada con el respeto del medio ambiente. Potenciamos nuevos materiales, sistemas de construcci\u00f3n, tecnolog\u00edas y medidas que promueven una construcci\u00f3n respetuosa, sostenible y ecol\u00f3gica.[\/vc_column_text][vc_separator type=\u00bbtransparent\u00bb up=\u00bb30&#8243; down=\u00bb0&#8243;][vc_column_text]\u25aa Con nuestras construcciones y rehabilitaciones fomentamos el ahorro de energ\u00eda, la reducci\u00f3n tan t\u00e9rmica como ac\u00fastica, que nos permita alcanzar unos niveles \u00f3ptimos de ecoeficiencia para el beneficio y bienestar de nuestros clientes.[\/vc_column_text][vc_separator type=\u00bbtransparent\u00bb up=\u00bb30&#8243; down=\u00bb0&#8243;][vc_column_text]<span lang=\"ES\"> La madera es un buen material de construcci\u00f3n ya que es un recurso renovable y sostenible. La madera produce grandes cantidades de ox\u00edgeno durante el proceso de crecimiento del \u00e1rbol y es tambi\u00e9n un material noble que genera espacios confortables y seguros. Es un elemento con propiedades aislantes, t\u00e9rmicas, antiest\u00e1ticas y antimagn\u00e8tiques, capaz de generar paisaje, en vez de destruirlo. <\/span>[\/vc_column_text][\/vc_column][vc_column width=\u00bb1\/2&#8243;][vc_separator type=\u00bbtransparent\u00bb up=\u00bb10&#8243; down=\u00bb0&#8243;][vc_single_image image=\u00bb20326&#8243; img_size=\u00bb450&#215;359&#8243; alignment=\u00bbcenter\u00bb qode_css_animation=\u00bb\u00bb][\/vc_column][\/vc_row][vc_row row_type=\u00bbrow\u00bb type=\u00bbfull_width\u00bb text_align=\u00bbleft\u00bb background_color=\u00bb#ffffff\u00bb padding_top=\u00bb15&#8243; padding_bottom=\u00bb103&#8243; css_animation=\u00bb\u00bb][vc_column][vc_row_inner row_type=\u00bbrow\u00bb type=\u00bbgrid\u00bb text_align=\u00bbleft\u00bb css_animation=\u00bb\u00bb][vc_column_inner][vc_column_text]<\/p>\n<h5>MADERA LAMINADA DE ABETO<\/h5>\n<p>[\/vc_column_text][vc_separator type=\u00bbtransparent\u00bb up=\u00bb25&#8243; down=\u00bb0&#8243;][vc_column_text]El tipo de madera m\u00e1s utilizada en nuestras construcciones es la madera laminada de abeto que solemos utilizar en diferentes formatos: vigas, tableros laminados o contrachapados, etc.[\/vc_column_text][vc_separator type=\u00bbtransparent\u00bb up=\u00bb18&#8243; down=\u00bb0&#8243;][vc_column_text]La madera laminada ofrece una versatilidad sin l\u00edmites para la creaci\u00f3n arquitect\u00f3nica, siendo as\u00ed especialmente adecuada para grandes luces, sin tener las limitaciones en altura de otros sistemas. La flexibilidad en la elecci\u00f3n de las formas permite conseguir unas cotas est\u00e9ticas \u00fanicas, tanto a nivel interior como exterior, que se incrementan por la propia belleza natural de la madera.[\/vc_column_text][vc_separator type=\u00bbtransparent\u00bb up=\u00bb18&#8243; down=\u00bb0&#8243;][vc_column_text]Este tipo de madera es el producto estructural con m\u00e1s proyecci\u00f3n de los que han aparecido en los \u00faltimos a\u00f1os, en parte, debido a que la madera nos permite certificar con mayor precisi\u00f3n sus caracter\u00edsticas, tanto t\u00e9cnicas como mec\u00e1nicas.[\/vc_column_text][vc_separator type=\u00bbtransparent\u00bb up=\u00bb18&#8243; down=\u00bb0&#8243;][\/vc_column_inner][\/vc_row_inner][vc_row_inner row_type=\u00bbrow\u00bb type=\u00bbgrid\u00bb text_align=\u00bbleft\u00bb css_animation=\u00bb\u00bb][vc_column_inner][vc_column_text]<\/p>\n<h5>MADERA\u00a0MACIZA<\/h5>\n<p>[\/vc_column_text][vc_separator type=\u00bbtransparent\u00bb up=\u00bb25&#8243; down=\u00bb0&#8243;][vc_column_text]La madera maciza la utilizamos en construcciones que requieren este tipo de material\u00a0debido a que son restauraciones de edificios antiguos o que no permiten la colocaci\u00f3n de madera laminada.[\/vc_column_text][vc_separator type=\u00bbtransparent\u00bb up=\u00bb18&#8243; down=\u00bb0&#8243;][\/vc_column_inner][\/vc_row_inner][vc_separator type=\u00bbtransparent\u00bb up=\u00bb30&#8243; down=\u00bb10&#8243;]<div class='qode_carousels_holder clearfix'><div class='qode_carousels'><ul class='slides'><li class='item'><span class='first_image_holder '><img src='http:\/\/www.armol.cat\/wp-content\/uploads\/2017\/02\/avet7.jpg' alt='Avet7'><\/span><\/li><li class='item'><span class='first_image_holder '><img src='http:\/\/www.armol.cat\/wp-content\/uploads\/2017\/02\/avet5.jpg' alt='Avet5'><\/span><\/li><li class='item'><span class='first_image_holder '><img src='http:\/\/www.armol.cat\/wp-content\/uploads\/2017\/02\/avet1.jpg' alt='Avet1'><\/span><\/li><li class='item'><span class='first_image_holder '><img src='http:\/\/www.armol.cat\/wp-content\/uploads\/2017\/02\/avet2.jpg' alt='Avet2'><\/span><\/li><li class='item'><span class='first_image_holder '><img src='http:\/\/www.armol.cat\/wp-content\/uploads\/2017\/02\/avet4.jpg' alt='Avet4'><\/span><\/li><li class='item'><span class='first_image_holder '><img src='http:\/\/www.armol.cat\/wp-content\/uploads\/2017\/02\/avet6.jpg' alt='Avet6'><\/span><\/li><li class='item'><span class='first_image_holder '><img src='http:\/\/www.armol.cat\/wp-content\/uploads\/2017\/02\/avet3-1.jpg' alt='Avet3'><\/span><\/li><\/ul><div class='qode_carousel_navigation'><a class='qode_carousel_prev' href='#' target='_self'><i class='fa fa-angle-left'><\/i><\/a><a class='qode_carousel_next' href='#' target='_self'><i class='fa fa-angle-right'><\/i><\/a><\/div><\/div><\/div>[\/vc_column][\/vc_row][vc_row row_type=\u00bbrow\u00bb type=\u00bbgrid\u00bb text_align=\u00bbleft\u00bb background_color=\u00bb#ffffff\u00bb padding_top=\u00bb103&#8243; padding_bottom=\u00bb83&#8243; css_animation=\u00bb\u00bb][vc_column width=\u00bb1\/2&#8243;][vc_separator type=\u00bbtransparent\u00bb up=\u00bb9&#8243; down=\u00bb0&#8243;][vc_single_image image=\u00bb20353&#8243; img_size=\u00bbfull\u00bb alignment=\u00bbcenter\u00bb qode_css_animation=\u00bb\u00bb][\/vc_column][vc_column width=\u00bb1\/2&#8243;][vc_separator type=\u00bbtransparent\u00bb up=\u00bb10&#8243; down=\u00bb0&#8243;][vc_column_text]<\/p>\n<h5>OTROS MATERIALES<\/h5>\n<p>[\/vc_column_text][vc_separator type=\u00bbtransparent\u00bb up=\u00bb40&#8243; down=\u00bb0&#8243;][vc_column_text]\u25aa Adem\u00e1s de la madera de abeto, roble y pino rojo, entre otros, tambi\u00e9n utilizamos derivados manufacturados de la madera como por ejemplo: contrachapados, aglomerados, fibras aislantes, listones, etc.[\/vc_column_text][vc_separator type=\u00bbtransparent\u00bb up=\u00bb30&#8243; down=\u00bb0&#8243;][vc_column_text]\u25aa Toda la madera que utilizamos en nuestra empresa tiene certificado PEFC que garantiza el uso de la madera de los bosques gestionados de forma sostenible, asegurando as\u00ed la sostenibilidad de las materias primas forestales que se utilizan en su producci\u00f3n.[\/vc_column_text][vc_separator type=\u00bbtransparent\u00bb up=\u00bb30&#8243; down=\u00bb0&#8243;][vc_column_text]\u25aa Asimismo, todos los tratamientos que aplicamos a la madera son ecol\u00f3gicos.[\/vc_column_text][vc_separator type=\u00bbtransparent\u00bb up=\u00bb30&#8243; down=\u00bb0&#8243;][vc_column_text]\u25aa <span lang=\"ES\">En el caso de las lacas, pinturas y barnices, por ejemplo, utilizamos siempre aplicaciones con base agua <\/span>[\/vc_column_text][vc_separator type=\u00bbtransparent\u00bb up=\u00bb30&#8243; down=\u00bb0&#8243;][vc_column_text]<span lang=\"ES\"> Este tipo de aplicaci\u00f3n, adem\u00e1s de ser inofensiva para el medio ambiente, nos permite eliminar la emisi\u00f3n de disolventes en la atm\u00f3sfera. Adem\u00e1s, su uso permite una limpieza m\u00e1s f\u00e1cil de los equipos, una mayor duraci\u00f3n en el exterior, una mayor estabilidad del color as\u00ed como elasticidad, menos riesgo de ignici\u00f3n, un incremento de la vida \u00fatil y un mayor rendimiento del producto, entre otros. <\/span>[\/vc_column_text][vc_separator type=\u00bbtransparent\u00bb up=\u00bb30&#8243; down=\u00bb0&#8243;][vc_column_text]<span lang=\"ES\"> En el caso de los fungicidas e insecticidas en AR-MOL tambi\u00e9n nos decantamos por la aplicaci\u00f3n de los tratamientos ecol\u00f3gicos que nos certifican una calidad t\u00e9cnica igualable y, incluso, superior a la de los tratamientos convencionales. <\/span>[\/vc_column_text][vc_separator type=\u00bbtransparent\u00bb up=\u00bb30&#8243; down=\u00bb0&#8243;][\/vc_column][\/vc_row]<\/p>\n","protected":false},"excerpt":{"rendered":"<p>[vc_row row_type=\u00bbrow\u00bb type=\u00bbgrid\u00bb text_align=\u00bbleft\u00bb background_color=\u00bb#ffffff\u00bb padding_top=\u00bb103&#8243; padding_bottom=\u00bb83&#8243; css_animation=\u00bb\u00bb][vc_column width=\u00bb1\/2&#8243;][vc_separator type=\u00bbtransparent\u00bb up=\u00bb9&#8243; down=\u00bb0&#8243;][vc_column_text] LA MADERA [\/vc_column_text][vc_separator type=\u00bbtransparent\u00bb up=\u00bb40&#8243; down=\u00bb0&#8243;][vc_column_text]\u25aa AR-MOL es una empresa implicada con el respeto del medio ambiente. Potenciamos nuevos materiales, sistemas de construcci\u00f3n, tecnolog\u00edas y medidas que promueven una construcci\u00f3n respetuosa, sostenible y&#8230;<\/p>\n","protected":false},"author":3,"featured_media":0,"parent":0,"menu_order":0,"comment_status":"open","ping_status":"open","template":"full_width.php","meta":{"footnotes":""},"class_list":["post-20599","page","type-page","status-publish","hentry"],"_links":{"self":[{"href":"https:\/\/www.armol.cat\/es\/wp-json\/wp\/v2\/pages\/20599","targetHints":{"allow":["GET"]}}],"collection":[{"href":"https:\/\/www.armol.cat\/es\/wp-json\/wp\/v2\/pages"}],"about":[{"href":"https:\/\/www.armol.cat\/es\/wp-json\/wp\/v2\/types\/page"}],"author":[{"embeddable":true,"href":"https:\/\/www.armol.cat\/es\/wp-json\/wp\/v2\/users\/3"}],"replies":[{"embeddable":true,"href":"https:\/\/www.armol.cat\/es\/wp-json\/wp\/v2\/comments?post=20599"}],"version-history":[{"count":21,"href":"https:\/\/www.armol.cat\/es\/wp-json\/wp\/v2\/pages\/20599\/revisions"}],"predecessor-version":[{"id":20732,"href":"https:\/\/www.armol.cat\/es\/wp-json\/wp\/v2\/pages\/20599\/revisions\/20732"}],"wp:attachment":[{"href":"https:\/\/www.armol.cat\/es\/wp-json\/wp\/v2\/media?parent=20599"}],"curies":[{"name":"wp","href":"https:\/\/api.w.org\/{rel}","templated":true}]}}