{"id":20761,"date":"2018-01-08T12:07:44","date_gmt":"2018-01-08T12:07:44","guid":{"rendered":"http:\/\/www.armol.cat\/politica-de-cookies\/"},"modified":"2018-01-08T12:26:30","modified_gmt":"2018-01-08T12:26:30","slug":"politica-de-cookies","status":"publish","type":"page","link":"https:\/\/www.armol.cat\/es\/politica-de-cookies\/","title":{"rendered":"Pol\u00edtica de cookies"},"content":{"rendered":"<p>&nbsp;<\/p>\n<p><strong>Uso de &#8216;Cookies&#8217;<\/strong><\/p>\n<p>&nbsp;<\/p>\n<p>Este sitio web utiliza cookies. Las cookies son peque\u00f1os archivos de texto en los que los navegadores almacenan informaci\u00f3n durante las visitas a las p\u00e1ginas web. A las cookies, se pueden recoger datos como la direcci\u00f3n IP, la direcci\u00f3n que se est\u00e1 visitando, el sistema operativo, el idioma de navegaci\u00f3n, adem\u00e1s de otra informaci\u00f3n. Esta informaci\u00f3n no queda asociada a ninguna persona concreta sino que es \u00fanicamente informaci\u00f3n estad\u00edstica para analizar la visibilidad de los diversos contenidos del sitio web.<\/p>\n<p>&nbsp;<\/p>\n<p>A continuaci\u00f3n, le damos informaci\u00f3n sobre qu\u00e9 cookies utiliza este sitio web as\u00ed como de la forma de controlar la gesti\u00f3n de cookies y de c\u00f3mo eliminarlas completamente.<br \/>\nCookies que utiliza este sitio:<\/p>\n<p>&nbsp;<\/p>\n<p>Aparte de las cookies de car\u00e1cter t\u00e9cnico este sitio web utiliza \u00fanicamente una cookie de Google Analytics. Google Analytics es un servicio gratuito que ofrece Google Inc. y que recoge informaci\u00f3n sobre qu\u00e9 p\u00e1ginas del sitio web se han consultado, en qu\u00e9 momento, con qu\u00e9 navegador, etc.<\/p>\n<p>&nbsp;<\/p>\n<p><strong>\u00bfC\u00f3mo se pueden administrar las cookies en el navegador?<\/strong><\/p>\n<p>&nbsp;<\/p>\n<p>El usuario puede gestionar las cookies instaladas en su equipo mediante la configuraci\u00f3n de las opciones del navegador. A continuaci\u00f3n os mostramos como puede cambiar la configuraci\u00f3n de las cookies en los principales navegadores del mercado para su versi\u00f3n de PC. En caso de que utilice otros navegadores o plataformas, por favor, consulte la documentaci\u00f3n espec\u00edfica suministrada por la empresa desarrolladora del navegador. La informaci\u00f3n mostrada aqu\u00ed para la configuraci\u00f3n es para las versiones existentes en el momento de la confecci\u00f3n de esta documentaci\u00f3n. Es posible que las instrucciones difieran en futuras versiones de los navegadores. En este caso, por favor, consulte la secci\u00f3n de apoyo correspondiente de la empresa desarrolladora.<\/p>\n<p>&nbsp;<\/p>\n<p><a href=\"https:\/\/support.google.com\/chrome\/answer\/95647?hl=es\">M\u00e1s informaci\u00f3n sobre Google Chrome<\/a>.<\/p>\n<p><a href=\"https:\/\/support.mozilla.org\/es\/kb\/Borrar%20cookies?esab=a&amp;s=cookies&amp;r=2&amp;as=s\">M\u00e1s informaci\u00f3n sobre Mozilla Firefox<\/a>.<\/p>\n<p><a href=\"https:\/\/support.microsoft.com\/es-es\/help\/17442\/windows-internet-explorer-delete-manage-cookies\">M\u00e1s informaci\u00f3n sobre Internet Explorer<\/a>.<\/p>\n<p><a href=\"https:\/\/support.apple.com\/kb\/ph21411?locale=en_US\">M\u00e1s informaci\u00f3n sobre Safari<\/a>.<\/p>\n<p>&nbsp;<\/p>\n<p>Si bloquea el uso de cookies en su navegador es posible que algunos servicios o funcionalidades de la p\u00e1gina web no est\u00e9n disponibles.<\/p>\n<p>&nbsp;<\/p>\n<p>&nbsp;<\/p>\n","protected":false},"excerpt":{"rendered":"<p>&nbsp; Uso de &#8216;Cookies&#8217; &nbsp; Este sitio web utiliza cookies. Las cookies son peque\u00f1os archivos de texto en los que los navegadores almacenan informaci\u00f3n durante las visitas a las p\u00e1ginas web. A las cookies, se pueden recoger datos como la direcci\u00f3n IP, la direcci\u00f3n que&#8230;<\/p>\n","protected":false},"author":3,"featured_media":0,"parent":0,"menu_order":0,"comment_status":"closed","ping_status":"closed","template":"","meta":{"footnotes":""},"class_list":["post-20761","page","type-page","status-publish","hentry"],"_links":{"self":[{"href":"https:\/\/www.armol.cat\/es\/wp-json\/wp\/v2\/pages\/20761","targetHints":{"allow":["GET"]}}],"collection":[{"href":"https:\/\/www.armol.cat\/es\/wp-json\/wp\/v2\/pages"}],"about":[{"href":"https:\/\/www.armol.cat\/es\/wp-json\/wp\/v2\/types\/page"}],"author":[{"embeddable":true,"href":"https:\/\/www.armol.cat\/es\/wp-json\/wp\/v2\/users\/3"}],"replies":[{"embeddable":true,"href":"https:\/\/www.armol.cat\/es\/wp-json\/wp\/v2\/comments?post=20761"}],"version-history":[{"count":1,"href":"https:\/\/www.armol.cat\/es\/wp-json\/wp\/v2\/pages\/20761\/revisions"}],"predecessor-version":[{"id":20762,"href":"https:\/\/www.armol.cat\/es\/wp-json\/wp\/v2\/pages\/20761\/revisions\/20762"}],"wp:attachment":[{"href":"https:\/\/www.armol.cat\/es\/wp-json\/wp\/v2\/media?parent=20761"}],"curies":[{"name":"wp","href":"https:\/\/api.w.org\/{rel}","templated":true}]}}